{"id":491,"date":"2023-08-15T10:06:50","date_gmt":"2023-08-15T15:06:50","guid":{"rendered":"https:\/\/bimmoreno.com\/calendarios2024\/?page_id=491"},"modified":"2023-09-12T18:56:17","modified_gmt":"2023-09-12T23:56:17","slug":"anual-05","status":"publish","type":"page","link":"https:\/\/bimmoreno.com\/calendarios\/anual-05\/","title":{"rendered":"Anual 05"},"content":{"rendered":"\n[et_pb_section fb_built=\u00bb1&#8243; admin_label=\u00bbsection\u00bb _builder_version=\u00bb4.16&#8243; global_colors_info=\u00bb{}\u00bb][et_pb_row _builder_version=\u00bb4.22.0&#8243; _module_preset=\u00bbdefault\u00bb hover_enabled=\u00bb0&#8243; sticky_enabled=\u00bb0&#8243;][et_pb_column _builder_version=\u00bb4.22.0&#8243; _module_preset=\u00bbdefault\u00bb type=\u00bb4_4&#8243;][et_pb_text _builder_version=\u00bb4.22.0&#8243; _module_preset=\u00bbdefault\u00bb hover_enabled=\u00bb0&#8243; sticky_enabled=\u00bb0&#8243;]<h1><strong>Calendarios Anuales 5<\/strong><\/h1>[\/et_pb_text][\/et_pb_column][\/et_pb_row][et_pb_row admin_label=\u00bbrow\u00bb _builder_version=\u00bb4.16&#8243; background_size=\u00bbinitial\u00bb background_position=\u00bbtop_left\u00bb background_repeat=\u00bbrepeat\u00bb global_colors_info=\u00bb{}\u00bb column_structure=\u00bb2_5,3_5&#8243;][et_pb_column type=\u00bb2_5&#8243; _builder_version=\u00bb4.16&#8243; custom_padding=\u00bb|||\u00bb global_colors_info=\u00bb{}\u00bb custom_padding__hover=\u00bb|||\u00bb][et_pb_image src=\u00bbhttps:\/\/bimmoreno.com\/calendarios2024\/wp-content\/uploads\/2023\/08\/ANUAL-5-web.jpg\u00bb _builder_version=\u00bb4.22.0&#8243; _module_preset=\u00bbdefault\u00bb title_text=\u00bbANUAL 5 &#8211; web\u00bb hover_enabled=\u00bb0&#8243; sticky_enabled=\u00bb0&#8243;][\/et_pb_image][\/et_pb_column][et_pb_column type=\u00bb3_5&#8243; _builder_version=\u00bb4.16&#8243; custom_padding=\u00bb|||\u00bb global_colors_info=\u00bb{}\u00bb custom_padding__hover=\u00bb|||\u00bb][et_pb_text _builder_version=\u00bb4.22.0&#8243; _module_preset=\u00bbdefault\u00bb background_color=\u00bb#8800aa\u00bb hover_enabled=\u00bb0&#8243; sticky_enabled=\u00bb0&#8243; text_text_color=\u00bb#FFFFFF\u00bb custom_padding=\u00bb||0px|||\u00bb custom_margin=\u00bb||18px|||\u00bb]<blockquote>\n<p><strong>120 Im\u00e1genes<\/strong><\/p>\n<\/blockquote>[\/et_pb_text][et_pb_text _builder_version=\u00bb4.22.0&#8243; _module_preset=\u00bbdefault\u00bb background_color=\u00bbRGBA(255,255,255,0)\u00bb hover_enabled=\u00bb0&#8243; sticky_enabled=\u00bb0&#8243; custom_padding=\u00bb||0px|||\u00bb custom_margin=\u00bb-12px||0px|||\u00bb]<p>Formato 34.5 x 50 cm. Couch\u00e9 150gr. + UV<\/p>[\/et_pb_text][et_pb_text _builder_version=\u00bb4.22.0&#8243; _module_preset=\u00bbdefault\u00bb background_color=\u00bbRGBA(255,255,255,0)\u00bb hover_enabled=\u00bb0&#8243; sticky_enabled=\u00bb0&#8243; custom_padding=\u00bb0px||0px|||\u00bb]<p>&nbsp;<\/p>\n<table border=\"1\" style=\"border-collapse: collapse; width: 100%;\">\n<tbody>\n<tr>\n<td style=\"width: 50%; text-align: center;\"><span style=\"color: #000000;\"><strong>Cantidad<\/strong><\/span><\/td>\n<td style=\"width: 50%; text-align: center;\"><span style=\"color: #000000;\"><strong>Tema<\/strong><\/span><\/td>\n<\/tr>\n<tr>\n<td style=\"width: 50%; text-align: center;\">20<\/td>\n<td style=\"width: 50%; text-align: center;\">Ni\u00f1os<\/td>\n<\/tr>\n<tr>\n<td style=\"width: 50%; text-align: center;\">16<\/td>\n<td style=\"width: 50%; text-align: center;\">Animales<\/td>\n<\/tr>\n<tr>\n<td style=\"width: 50%; text-align: center;\">20<\/td>\n<td style=\"width: 50%; text-align: center;\">P.Nacionales<\/td>\n<\/tr>\n<tr>\n<td style=\"width: 50%; text-align: center;\">02<\/td>\n<td style=\"width: 50%; text-align: center;\">P.Internacionales<\/td>\n<\/tr>\n<tr>\n<td style=\"width: 50%; text-align: center;\">10<\/td>\n<td style=\"width: 50%; text-align: center;\">Varios<\/td>\n<\/tr>\n<tr>\n<td style=\"width: 50%; text-align: center;\">06<\/td>\n<td style=\"width: 50%; text-align: center;\">Santos<\/td>\n<\/tr>\n<tr>\n<td style=\"width: 50%; text-align: center;\">06<\/td>\n<td style=\"width: 50%; text-align: center;\">Alimentos<\/td>\n<\/tr>\n<tr>\n<td style=\"width: 50%; text-align: center;\">06<\/td>\n<td style=\"width: 50%; text-align: center;\">Desnudas<\/td>\n<\/tr>\n<tr>\n<td style=\"width: 50%; text-align: center;\">34<\/td>\n<td style=\"width: 50%; text-align: center;\">Cristianos<\/td>\n<\/tr>\n<\/tbody>\n<\/table>\n<p><span style=\"font-size: 14px;\">\u00a0<\/span><\/p>\n<p>&nbsp;<\/p>[\/et_pb_text][\/et_pb_column][\/et_pb_row][\/et_pb_section]\n","protected":false},"excerpt":{"rendered":"<p>Calendarios Anuales 5 120 Im\u00e1genes Formato 34.5 x 50 cm. Couch\u00e9 150gr. + UV&nbsp; Cantidad Tema 20 Ni\u00f1os 16 Animales 20 P.Nacionales 02 P.Internacionales 10 Varios 06 Santos 06 Alimentos 06 Desnudas 34 Cristianos \u00a0 &nbsp;<\/p>\n","protected":false},"author":1,"featured_media":0,"parent":0,"menu_order":0,"comment_status":"closed","ping_status":"closed","template":"","meta":{"_et_pb_use_builder":"on","_et_pb_old_content":"<!-- wp:divi\/placeholder \/-->","_et_gb_content_width":"","_joinchat":[],"footnotes":""},"class_list":["post-491","page","type-page","status-publish","hentry"],"_links":{"self":[{"href":"https:\/\/bimmoreno.com\/calendarios\/wp-json\/wp\/v2\/pages\/491","targetHints":{"allow":["GET"]}}],"collection":[{"href":"https:\/\/bimmoreno.com\/calendarios\/wp-json\/wp\/v2\/pages"}],"about":[{"href":"https:\/\/bimmoreno.com\/calendarios\/wp-json\/wp\/v2\/types\/page"}],"author":[{"embeddable":true,"href":"https:\/\/bimmoreno.com\/calendarios\/wp-json\/wp\/v2\/users\/1"}],"replies":[{"embeddable":true,"href":"https:\/\/bimmoreno.com\/calendarios\/wp-json\/wp\/v2\/comments?post=491"}],"version-history":[{"count":4,"href":"https:\/\/bimmoreno.com\/calendarios\/wp-json\/wp\/v2\/pages\/491\/revisions"}],"predecessor-version":[{"id":1428,"href":"https:\/\/bimmoreno.com\/calendarios\/wp-json\/wp\/v2\/pages\/491\/revisions\/1428"}],"wp:attachment":[{"href":"https:\/\/bimmoreno.com\/calendarios\/wp-json\/wp\/v2\/media?parent=491"}],"curies":[{"name":"wp","href":"https:\/\/api.w.org\/{rel}","templated":true}]}}